{"id":576,"date":"2023-11-29T10:31:19","date_gmt":"2023-11-29T09:31:19","guid":{"rendered":"https:\/\/pma-it-security.de\/?page_id=576"},"modified":"2026-01-06T10:34:48","modified_gmt":"2026-01-06T09:34:48","slug":"kontakt","status":"publish","type":"page","link":"https:\/\/pma-it-security.de\/en\/kontakt\/","title":{"rendered":"Contact"},"content":{"rendered":"<div data-elementor-type=\"wp-page\" data-elementor-id=\"576\" class=\"elementor elementor-576\" data-elementor-post-type=\"page\">\n\t\t\t\t<div class=\"elementor-element elementor-element-9163c07 e-flex e-con-boxed wpr-particle-no wpr-jarallax-no wpr-parallax-no wpr-sticky-section-no e-con e-parent\" data-id=\"9163c07\" data-element_type=\"container\" data-settings=\"{&quot;background_background&quot;:&quot;slideshow&quot;,&quot;background_slideshow_gallery&quot;:[{&quot;id&quot;:2028,&quot;url&quot;:&quot;https:\\\/\\\/pma-it-security.de\\\/wp-content\\\/uploads\\\/2025\\\/05\\\/Kein-Titel-1900-x-900-px-16.png&quot;}],&quot;background_slideshow_ken_burns&quot;:&quot;yes&quot;,&quot;background_slideshow_loop&quot;:&quot;yes&quot;,&quot;background_slideshow_slide_duration&quot;:5000,&quot;background_slideshow_slide_transition&quot;:&quot;fade&quot;,&quot;background_slideshow_transition_duration&quot;:500,&quot;background_slideshow_ken_burns_zoom_direction&quot;:&quot;in&quot;}\">\n\t\t\t\t\t<div class=\"e-con-inner\">\n\t\t\t\t<div class=\"elementor-element elementor-element-52b81c7 elementor-widget elementor-widget-heading\" data-id=\"52b81c7\" data-element_type=\"widget\" data-widget_type=\"heading.default\">\n\t\t\t\t<div class=\"elementor-widget-container\">\n\t\t\t\t\t<h2 class=\"elementor-heading-title elementor-size-default\">CONTACT<\/h2>\t\t\t\t<\/div>\n\t\t\t\t<\/div>\n\t\t\t\t\t<\/div>\n\t\t\t\t<\/div>\n\t\t<div class=\"elementor-element elementor-element-db4a41 e-flex e-con-boxed wpr-particle-no wpr-jarallax-no wpr-parallax-no wpr-sticky-section-no e-con e-parent\" data-id=\"db4a41\" data-element_type=\"container\" data-settings=\"{&quot;background_background&quot;:&quot;classic&quot;}\">\n\t\t\t\t\t<div class=\"e-con-inner\">\n\t\t<div class=\"elementor-element elementor-element-92906e8 e-con-full e-flex wpr-particle-no wpr-jarallax-no wpr-parallax-no wpr-sticky-section-no e-con e-child\" data-id=\"92906e8\" data-element_type=\"container\">\n\t\t<div class=\"elementor-element elementor-element-1d9b606a e-flex e-con-boxed wpr-particle-no wpr-jarallax-no wpr-parallax-no wpr-sticky-section-no e-con e-child\" data-id=\"1d9b606a\" data-element_type=\"container\" data-settings=\"{&quot;background_background&quot;:&quot;classic&quot;}\">\n\t\t\t\t\t<div class=\"e-con-inner\">\n\t\t\t\t<div class=\"elementor-element elementor-element-70c4e1ff elementor-widget elementor-widget-heading\" data-id=\"70c4e1ff\" data-element_type=\"widget\" data-widget_type=\"heading.default\">\n\t\t\t\t<div class=\"elementor-widget-container\">\n\t\t\t\t\t<h2 class=\"elementor-heading-title elementor-size-default\">PMA GmbH<\/h2>\t\t\t\t<\/div>\n\t\t\t\t<\/div>\n\t\t\t\t<div class=\"elementor-element elementor-element-b1e60d9 elementor-widget-divider--view-line elementor-invisible elementor-widget elementor-widget-divider\" data-id=\"b1e60d9\" data-element_type=\"widget\" data-settings=\"{&quot;_animation&quot;:&quot;slideInLeft&quot;}\" data-widget_type=\"divider.default\">\n\t\t\t\t<div class=\"elementor-widget-container\">\n\t\t\t\t\t\t\t<div class=\"elementor-divider\">\n\t\t\t<span class=\"elementor-divider-separator\">\n\t\t\t\t\t\t<\/span>\n\t\t<\/div>\n\t\t\t\t\t\t<\/div>\n\t\t\t\t<\/div>\n\t\t\t\t<div class=\"elementor-element elementor-element-4ac54dd1 elementor-widget__width-initial elementor-widget elementor-widget-text-editor\" data-id=\"4ac54dd1\" data-element_type=\"widget\" data-widget_type=\"text-editor.default\">\n\t\t\t\t<div class=\"elementor-widget-container\">\n\t\t\t\t\t\t\t\t\t<p>Albert-Einstein-Str. 1<\/p><p>49076 Osnabr\u00fcck<\/p>\t\t\t\t\t\t\t\t<\/div>\n\t\t\t\t<\/div>\n\t\t\t\t<div class=\"elementor-element elementor-element-97e57c7 elementor-widget__width-initial elementor-widget elementor-widget-text-editor\" data-id=\"97e57c7\" data-element_type=\"widget\" data-widget_type=\"text-editor.default\">\n\t\t\t\t<div class=\"elementor-widget-container\">\n\t\t\t\t\t\t\t\t\t<p><a href=\"https:\/\/www.google.de\/maps\/dir\/\/Albert-Einstein-Stra%C3%9Fe+1,+49076+Osnabr%C3%BCck\/@52.2879495,8.0158012,17z\/data=!4m18!1m8!3m7!1s0x47b9e5d922b97bb7:0x3db0810763b330bd!2sAlbert-Einstein-Stra%C3%9Fe+1,+49076+Osnabr%C3%BCck!3b1!8m2!3d52.2879462!4d8.0183761!16s%2Fg%2F11bw404yj9!4m8!1m0!1m5!1m1!1s0x47b9e5d922b97bb7:0x3db0810763b330bd!2m2!1d8.0183761!2d52.2879462!3e2?entry=ttu\" target=\"_blank\" rel=\"noopener\"><strong>View with Google Maps<\/strong><\/a><\/p>\t\t\t\t\t\t\t\t<\/div>\n\t\t\t\t<\/div>\n\t\t\t\t\t<\/div>\n\t\t\t\t<\/div>\n\t\t\t\t<\/div>\n\t\t<div class=\"elementor-element elementor-element-77cee3e e-con-full e-flex wpr-particle-no wpr-jarallax-no wpr-parallax-no wpr-sticky-section-no e-con e-child\" data-id=\"77cee3e\" data-element_type=\"container\">\n\t\t<div class=\"elementor-element elementor-element-3586775 e-flex e-con-boxed wpr-particle-no wpr-jarallax-no wpr-parallax-no wpr-sticky-section-no e-con e-child\" data-id=\"3586775\" data-element_type=\"container\">\n\t\t\t\t\t<div class=\"e-con-inner\">\n\t\t\t\t<div class=\"elementor-element elementor-element-3ff927f elementor-widget__width-initial elementor-view-default elementor-widget elementor-widget-icon\" data-id=\"3ff927f\" data-element_type=\"widget\" data-widget_type=\"icon.default\">\n\t\t\t\t<div class=\"elementor-widget-container\">\n\t\t\t\t\t\t\t<div class=\"elementor-icon-wrapper\">\n\t\t\t<a class=\"elementor-icon\" href=\"\">\n\t\t\t<svg aria-hidden=\"true\" class=\"e-font-icon-svg e-fas-phone-alt\" viewbox=\"0 0 512 512\" xmlns=\"http:\/\/www.w3.org\/2000\/svg\"><path d=\"M497.39 361.8l-112-48a24 24 0 0 0-28 6.9l-49.6 60.6A370.66 370.66 0 0 1 130.6 204.11l60.6-49.6a23.94 23.94 0 0 0 6.9-28l-48-112A24.16 24.16 0 0 0 122.6.61l-104 24A24 24 0 0 0 0 48c0 256.5 207.9 464 464 464a24 24 0 0 0 23.4-18.6l24-104a24.29 24.29 0 0 0-14.01-27.6z\"><\/path><\/svg>\t\t\t<\/a>\n\t\t<\/div>\n\t\t\t\t\t\t<\/div>\n\t\t\t\t<\/div>\n\t\t\t\t<div class=\"elementor-element elementor-element-02b4119 elementor-widget elementor-widget-text-editor\" data-id=\"02b4119\" data-element_type=\"widget\" data-widget_type=\"text-editor.default\">\n\t\t\t\t<div class=\"elementor-widget-container\">\n\t\t\t\t\t\t\t\t\t<p>\u00a0<a href=\"call:+491713598065\">+49 171 359 8065<\/a><\/p>\t\t\t\t\t\t\t\t<\/div>\n\t\t\t\t<\/div>\n\t\t\t\t\t<\/div>\n\t\t\t\t<\/div>\n\t\t<div class=\"elementor-element elementor-element-ee70372 e-flex e-con-boxed wpr-particle-no wpr-jarallax-no wpr-parallax-no wpr-sticky-section-no e-con e-child\" data-id=\"ee70372\" data-element_type=\"container\">\n\t\t\t\t\t<div class=\"e-con-inner\">\n\t\t\t\t<div class=\"elementor-element elementor-element-bf44c97 elementor-view-default elementor-widget elementor-widget-icon\" data-id=\"bf44c97\" data-element_type=\"widget\" data-widget_type=\"icon.default\">\n\t\t\t\t<div class=\"elementor-widget-container\">\n\t\t\t\t\t\t\t<div class=\"elementor-icon-wrapper\">\n\t\t\t<a class=\"elementor-icon\" href=\"mailto:anfrage@pma-gmbh.de\">\n\t\t\t<svg aria-hidden=\"true\" class=\"e-font-icon-svg e-fas-paper-plane\" viewbox=\"0 0 512 512\" xmlns=\"http:\/\/www.w3.org\/2000\/svg\"><path d=\"M476 3.2L12.5 270.6c-18.1 10.4-15.8 35.6 2.2 43.2L121 358.4l287.3-253.2c5.5-4.9 13.3 2.6 8.6 8.3L176 407v80.5c0 23.6 28.5 32.9 42.5 15.8L282 426l124.6 52.2c14.2 6 30.4-2.9 33-18.2l72-432C515 7.8 493.3-6.8 476 3.2z\"><\/path><\/svg>\t\t\t<\/a>\n\t\t<\/div>\n\t\t\t\t\t\t<\/div>\n\t\t\t\t<\/div>\n\t\t\t\t<div class=\"elementor-element elementor-element-3e6eccd elementor-widget elementor-widget-text-editor\" data-id=\"3e6eccd\" data-element_type=\"widget\" data-widget_type=\"text-editor.default\">\n\t\t\t\t<div class=\"elementor-widget-container\">\n\t\t\t\t\t\t\t\t\t<p><a href=\"mailto:anfrage@pma-gmbh.de\">\u00a0anfrage@pma-gmbh.de<\/a><\/p>\t\t\t\t\t\t\t\t<\/div>\n\t\t\t\t<\/div>\n\t\t\t\t\t<\/div>\n\t\t\t\t<\/div>\n\t\t\t\t<\/div>\n\t\t\t\t\t<\/div>\n\t\t\t\t<\/div>\n\t\t<div class=\"elementor-element elementor-element-3efe0c2 e-flex e-con-boxed wpr-particle-no wpr-jarallax-no wpr-parallax-no wpr-sticky-section-no e-con e-parent\" data-id=\"3efe0c2\" data-element_type=\"container\" data-settings=\"{&quot;background_background&quot;:&quot;slideshow&quot;,&quot;background_slideshow_gallery&quot;:[{&quot;id&quot;:1121,&quot;url&quot;:&quot;https:\\\/\\\/pma-it-security.de\\\/wp-content\\\/uploads\\\/2025\\\/01\\\/Kein-Titel-1900-x-900-px-3.png&quot;}],&quot;background_slideshow_loop&quot;:&quot;yes&quot;,&quot;background_slideshow_slide_duration&quot;:5000,&quot;background_slideshow_slide_transition&quot;:&quot;fade&quot;,&quot;background_slideshow_transition_duration&quot;:500}\">\n\t\t\t\t\t<div class=\"e-con-inner\">\n\t\t\t\t<div class=\"elementor-element elementor-element-1467869 elementor-widget elementor-widget-heading\" data-id=\"1467869\" data-element_type=\"widget\" data-widget_type=\"heading.default\">\n\t\t\t\t<div class=\"elementor-widget-container\">\n\t\t\t\t\t<h2 class=\"elementor-heading-title elementor-size-default\">Contact form<\/h2>\t\t\t\t<\/div>\n\t\t\t\t<\/div>\n\t\t\t\t<div class=\"elementor-element elementor-element-8b31975 elementor-button-align-stretch elementor-widget elementor-widget-form\" data-id=\"8b31975\" data-element_type=\"widget\" data-settings=\"{&quot;step_next_label&quot;:&quot;N\\u00e4chster&quot;,&quot;step_previous_label&quot;:&quot;Voriger&quot;,&quot;button_width&quot;:&quot;100&quot;,&quot;step_type&quot;:&quot;number_text&quot;,&quot;step_icon_shape&quot;:&quot;circle&quot;}\" data-widget_type=\"form.default\">\n\t\t\t\t<div class=\"elementor-widget-container\">\n\t\t\t\t\t\t\t<form class=\"elementor-form\" method=\"post\" name=\"Neues Formular\" action=\"\">\n\t\t\t<input type=\"hidden\" name=\"post_id\" value=\"576\"\/>\n\t\t\t<input type=\"hidden\" name=\"form_id\" value=\"8b31975\"\/>\n\t\t\t<input type=\"hidden\" name=\"referer_title\" value=\"PMA GmbH &#8211; IT Security\" \/>\n\n\t\t\t\n\t\t\t<div class=\"elementor-form-fields-wrapper elementor-labels-above\">\n\t\t\t\t\t\t\t\t<div class=\"elementor-field-type-text elementor-field-group elementor-column elementor-field-group-name elementor-col-100 elementor-field-required\">\n\t\t\t\t\t\t\t\t\t\t\t\t<label for=\"form-field-name\" class=\"elementor-field-label\">\n\t\t\t\t\t\t\t\tName\t\t\t\t\t\t\t<\/label>\n\t\t\t\t\t\t\t\t\t\t\t\t\t\t<input size=\"1\" type=\"text\" name=\"form_fields[name]\" id=\"form-field-name\" class=\"elementor-field elementor-size-sm  elementor-field-textual\" placeholder=\"Name\" required=\"required\">\n\t\t\t\t\t\t\t\t\t\t\t<\/div>\n\t\t\t\t\t\t\t\t<div class=\"elementor-field-type-email elementor-field-group elementor-column elementor-field-group-email elementor-col-100 elementor-field-required\">\n\t\t\t\t\t\t\t\t\t\t\t\t<label for=\"form-field-email\" class=\"elementor-field-label\">\n\t\t\t\t\t\t\t\tE-Mail\t\t\t\t\t\t\t<\/label>\n\t\t\t\t\t\t\t\t\t\t\t\t\t\t<input size=\"1\" type=\"email\" name=\"form_fields[email]\" id=\"form-field-email\" class=\"elementor-field elementor-size-sm  elementor-field-textual\" placeholder=\"E-Mail\" required=\"required\">\n\t\t\t\t\t\t\t\t\t\t\t<\/div>\n\t\t\t\t\t\t\t\t<div class=\"elementor-field-type-textarea elementor-field-group elementor-column elementor-field-group-message elementor-col-100\">\n\t\t\t\t\t\t\t\t\t\t\t\t<label for=\"form-field-message\" class=\"elementor-field-label\">\n\t\t\t\t\t\t\t\tMessage\t\t\t\t\t\t\t<\/label>\n\t\t\t\t\t\t<textarea class=\"elementor-field-textual elementor-field  elementor-size-sm\" name=\"form_fields[message]\" id=\"form-field-message\" rows=\"4\" placeholder=\"Message\"><\/textarea>\t\t\t\t<\/div>\n\t\t\t\t\t\t\t\t<div class=\"elementor-field-type-text\">\n\t\t\t\t\t<input size=\"1\" type=\"text\" name=\"form_fields[field_5e19351]\" id=\"form-field-field_5e19351\" class=\"elementor-field elementor-size-sm\" style=\"display:none !important;\">\t\t\t\t<\/div>\n\t\t\t\t\t\t\t\t<div class=\"elementor-field-group elementor-column elementor-field-type-submit elementor-col-100 e-form__buttons\">\n\t\t\t\t\t<button class=\"elementor-button elementor-size-sm\" type=\"submit\">\n\t\t\t\t\t\t<span class=\"elementor-button-content-wrapper\">\n\t\t\t\t\t\t\t\t\t\t\t\t\t\t\t\t\t\t\t\t\t\t<span class=\"elementor-button-text\">Send<\/span>\n\t\t\t\t\t\t\t\t\t\t\t\t\t<\/span>\n\t\t\t\t\t<\/button>\n\t\t\t\t<\/div>\n\t\t\t<\/div>\n\t\t<input type=\"hidden\" name=\"trp-form-language\" value=\"en\"\/><\/form>\n\t\t\t\t\t\t<\/div>\n\t\t\t\t<\/div>\n\t\t\t\t<div class=\"elementor-element elementor-element-4bc0610 elementor-widget elementor-widget-text-editor\" data-id=\"4bc0610\" data-element_type=\"widget\" data-widget_type=\"text-editor.default\">\n\t\t\t\t<div class=\"elementor-widget-container\">\n\t\t\t\t\t\t\t\t\t<p>Mit Absenden der Anfrage, erkl\u00e4re ich mich einverstanden, dass meine Angaben und Daten zur Bearbeitung meiner Anfrage elektronisch erhoben und f\u00fcr max. 12 Monate gespeichert werden. Hinweis: Sie k\u00f6nnen Ihre Einwilligung jederzeit f\u00fcr die Zukunft per E\u2011Mail an widerruf@pma-it-security.de widerrufen.<\/p>\t\t\t\t\t\t\t\t<\/div>\n\t\t\t\t<\/div>\n\t\t\t\t\t<\/div>\n\t\t\t\t<\/div>\n\t\t<div class=\"elementor-element elementor-element-6e88aead e-flex e-con-boxed wpr-particle-no wpr-jarallax-no wpr-parallax-no wpr-sticky-section-no e-con e-parent\" data-id=\"6e88aead\" data-element_type=\"container\" data-settings=\"{&quot;background_background&quot;:&quot;classic&quot;}\">\n\t\t\t\t\t<div class=\"e-con-inner\">\n\t\t<div class=\"elementor-element elementor-element-35391f65 e-con-full e-flex wpr-particle-no wpr-jarallax-no wpr-parallax-no wpr-sticky-section-no e-con e-child\" data-id=\"35391f65\" data-element_type=\"container\">\n\t\t\t\t<div class=\"elementor-element elementor-element-17d69911 animated-slow elementor-invisible elementor-widget elementor-widget-heading\" data-id=\"17d69911\" data-element_type=\"widget\" data-settings=\"{&quot;_animation&quot;:&quot;zoomIn&quot;,&quot;_animation_delay&quot;:100}\" data-widget_type=\"heading.default\">\n\t\t\t\t<div class=\"elementor-widget-container\">\n\t\t\t\t\t<h2 class=\"elementor-heading-title elementor-size-default\">Become a part of our team<\/h2>\t\t\t\t<\/div>\n\t\t\t\t<\/div>\n\t\t\t\t<div class=\"elementor-element elementor-element-e5c61a animated-slow elementor-invisible elementor-widget elementor-widget-heading\" data-id=\"e5c61a\" data-element_type=\"widget\" data-settings=\"{&quot;_animation&quot;:&quot;fadeInLeft&quot;,&quot;_animation_delay&quot;:100}\" data-widget_type=\"heading.default\">\n\t\t\t\t<div class=\"elementor-widget-container\">\n\t\t\t\t\t<h2 class=\"elementor-heading-title elementor-size-default\">PMA as an employer<\/h2>\t\t\t\t<\/div>\n\t\t\t\t<\/div>\n\t\t\t\t<\/div>\n\t\t<div class=\"elementor-element elementor-element-35c126b6 e-con-full e-flex wpr-particle-no wpr-jarallax-no wpr-parallax-no wpr-sticky-section-no e-con e-child\" data-id=\"35c126b6\" data-element_type=\"container\">\n\t\t\t\t<div class=\"elementor-element elementor-element-196e7eaf elementor-widget elementor-widget-text-editor\" data-id=\"196e7eaf\" data-element_type=\"widget\" data-widget_type=\"text-editor.default\">\n\t\t\t\t<div class=\"elementor-widget-container\">\n\t\t\t\t\t\t\t\t\t<p>Do you love challenges and want to work independently and on your own responsibility? Do you want to operate in one the <strong>most promising sectors<\/strong> ?<\/p><p>PMA GmbH offers you the <strong>advantages and structures of a start-up<\/strong> but with significantly <strong>better conditions<\/strong>.<\/p>\t\t\t\t\t\t\t\t<\/div>\n\t\t\t\t<\/div>\n\t\t\t\t<div class=\"elementor-element elementor-element-401a2f22 elementor-widget__width-auto elementor-mobile-align-center elementor-widget elementor-widget-button\" data-id=\"401a2f22\" data-element_type=\"widget\" data-widget_type=\"button.default\">\n\t\t\t\t<div class=\"elementor-widget-container\">\n\t\t\t\t\t\t\t\t\t<div class=\"elementor-button-wrapper\">\n\t\t\t\t\t<a class=\"elementor-button elementor-button-link elementor-size-sm elementor-animation-grow\" href=\"\/en\/jobs\/\">\n\t\t\t\t\t\t<span class=\"elementor-button-content-wrapper\">\n\t\t\t\t\t\t\t\t\t<span class=\"elementor-button-text\">Our vacancies<\/span>\n\t\t\t\t\t<\/span>\n\t\t\t\t\t<\/a>\n\t\t\t\t<\/div>\n\t\t\t\t\t\t\t\t<\/div>\n\t\t\t\t<\/div>\n\t\t\t\t<\/div>\n\t\t\t\t\t<\/div>\n\t\t\t\t<\/div>\n\t\t\t\t<\/div>","protected":false},"excerpt":{"rendered":"<p>KONTAKT PMA GmbH Albert-Einstein-Str. 1 49076 Osnabr\u00fcck Mit Google Maps ansehen \u00a0+49 171 359 8065 \u00a0anfrage@pma-gmbh.de Kontaktformular Mit Absenden der Anfrage, erkl\u00e4re ich mich einverstanden, dass meine Angaben und Daten zur Bearbeitung meiner Anfrage elektronisch erhoben und f\u00fcr max. 12 Monate gespeichert werden. Hinweis: Sie k\u00f6nnen Ihre Einwilligung jederzeit f\u00fcr die Zukunft per E\u2011Mail an widerruf@pma-it-security.de widerrufen. Werde Teil des Teams PMA als Arbeitgeber Du liebst Herausforderungen und m\u00f6chtest eigenst\u00e4ndig und selbstverantwortlich arbeiten? Du m\u00f6chtest in einer der derzeit zukunftstr\u00e4chtigsten Branchen agieren? Die PMA GmbH bietet Dir die Vorteile und Strukturen eines Start Ups \u2013 allerdings zu wesentlich besseren Konditionen. Jobs ansehen<\/p>","protected":false},"author":1,"featured_media":0,"parent":0,"menu_order":0,"comment_status":"closed","ping_status":"closed","template":"elementor_header_footer","meta":{"footnotes":""},"class_list":["post-576","page","type-page","status-publish","hentry"],"yoast_head":"<!-- This site is optimized with the Yoast SEO plugin v24.4 - https:\/\/yoast.com\/wordpress\/plugins\/seo\/ -->\n<title>Kontakt - PMA GmbH - IT Security<\/title>\n<meta name=\"robots\" content=\"index, follow, max-snippet:-1, max-image-preview:large, max-video-preview:-1\" \/>\n<link rel=\"canonical\" href=\"https:\/\/pma-it-security.de\/en\/kontakt\/\" \/>\n<meta property=\"og:locale\" content=\"en_US\" \/>\n<meta property=\"og:type\" content=\"article\" \/>\n<meta property=\"og:title\" content=\"Kontakt - PMA GmbH - IT Security\" \/>\n<meta property=\"og:description\" content=\"KONTAKT PMA GmbH Albert-Einstein-Str. 1 49076 Osnabr\u00fcck Mit Google Maps ansehen \u00a0+49 171 359 8065 \u00a0anfrage@pma-gmbh.de Kontaktformular Mit Absenden der Anfrage, erkl\u00e4re ich mich einverstanden, dass meine Angaben und Daten zur Bearbeitung meiner Anfrage elektronisch erhoben und f\u00fcr max. 12 Monate gespeichert werden. Hinweis: Sie k\u00f6nnen Ihre Einwilligung jederzeit f\u00fcr die Zukunft per E\u2011Mail an widerruf@pma-it-security.de widerrufen. Werde Teil des Teams PMA als Arbeitgeber Du liebst Herausforderungen und m\u00f6chtest eigenst\u00e4ndig und selbstverantwortlich arbeiten? Du m\u00f6chtest in einer der derzeit zukunftstr\u00e4chtigsten Branchen agieren? Die PMA GmbH bietet Dir die Vorteile und Strukturen eines Start Ups \u2013 allerdings zu wesentlich besseren Konditionen. Jobs ansehen\" \/>\n<meta property=\"og:url\" content=\"https:\/\/pma-it-security.de\/en\/kontakt\/\" \/>\n<meta property=\"og:site_name\" content=\"PMA GmbH - IT Security\" \/>\n<meta property=\"article:modified_time\" content=\"2026-01-06T09:34:48+00:00\" \/>\n<meta name=\"twitter:card\" content=\"summary_large_image\" \/>\n<meta name=\"twitter:label1\" content=\"Est. reading time\" \/>\n\t<meta name=\"twitter:data1\" content=\"1 minute\" \/>\n<script type=\"application\/ld+json\" class=\"yoast-schema-graph\">{\"@context\":\"https:\/\/schema.org\",\"@graph\":[{\"@type\":\"WebPage\",\"@id\":\"https:\/\/pma-it-security.de\/kontakt\/\",\"url\":\"https:\/\/pma-it-security.de\/kontakt\/\",\"name\":\"Kontakt - PMA GmbH - IT Security\",\"isPartOf\":{\"@id\":\"https:\/\/pma-it-security.de\/#website\"},\"datePublished\":\"2023-11-29T09:31:19+00:00\",\"dateModified\":\"2026-01-06T09:34:48+00:00\",\"breadcrumb\":{\"@id\":\"https:\/\/pma-it-security.de\/kontakt\/#breadcrumb\"},\"inLanguage\":\"en-US\",\"potentialAction\":[{\"@type\":\"ReadAction\",\"target\":[\"https:\/\/pma-it-security.de\/kontakt\/\"]}]},{\"@type\":\"BreadcrumbList\",\"@id\":\"https:\/\/pma-it-security.de\/kontakt\/#breadcrumb\",\"itemListElement\":[{\"@type\":\"ListItem\",\"position\":1,\"name\":\"Startseite\",\"item\":\"https:\/\/pma-it-security.de\/\"},{\"@type\":\"ListItem\",\"position\":2,\"name\":\"Kontakt\"}]},{\"@type\":\"WebSite\",\"@id\":\"https:\/\/pma-it-security.de\/#website\",\"url\":\"https:\/\/pma-it-security.de\/\",\"name\":\"PMA GmbH - IT Security\",\"description\":\"\",\"publisher\":{\"@id\":\"https:\/\/pma-it-security.de\/#organization\"},\"potentialAction\":[{\"@type\":\"SearchAction\",\"target\":{\"@type\":\"EntryPoint\",\"urlTemplate\":\"https:\/\/pma-it-security.de\/?s={search_term_string}\"},\"query-input\":{\"@type\":\"PropertyValueSpecification\",\"valueRequired\":true,\"valueName\":\"search_term_string\"}}],\"inLanguage\":\"en-US\"},{\"@type\":\"Organization\",\"@id\":\"https:\/\/pma-it-security.de\/#organization\",\"name\":\"PMA GmbH\",\"url\":\"https:\/\/pma-it-security.de\/\",\"logo\":{\"@type\":\"ImageObject\",\"inLanguage\":\"en-US\",\"@id\":\"https:\/\/pma-it-security.de\/#\/schema\/logo\/image\/\",\"url\":\"https:\/\/pma-it-security.de\/wp-content\/uploads\/2023\/11\/PMA-800-x-800-px-7.png\",\"contentUrl\":\"https:\/\/pma-it-security.de\/wp-content\/uploads\/2023\/11\/PMA-800-x-800-px-7.png\",\"width\":800,\"height\":800,\"caption\":\"PMA GmbH\"},\"image\":{\"@id\":\"https:\/\/pma-it-security.de\/#\/schema\/logo\/image\/\"}}]}<\/script>\n<!-- \/ Yoast SEO plugin. -->","yoast_head_json":{"title":"Kontakt - PMA GmbH - IT Security","robots":{"index":"index","follow":"follow","max-snippet":"max-snippet:-1","max-image-preview":"max-image-preview:large","max-video-preview":"max-video-preview:-1"},"canonical":"https:\/\/pma-it-security.de\/en\/kontakt\/","og_locale":"en_US","og_type":"article","og_title":"Kontakt - PMA GmbH - IT Security","og_description":"KONTAKT PMA GmbH Albert-Einstein-Str. 1 49076 Osnabr\u00fcck Mit Google Maps ansehen \u00a0+49 171 359 8065 \u00a0anfrage@pma-gmbh.de Kontaktformular Mit Absenden der Anfrage, erkl\u00e4re ich mich einverstanden, dass meine Angaben und Daten zur Bearbeitung meiner Anfrage elektronisch erhoben und f\u00fcr max. 12 Monate gespeichert werden. Hinweis: Sie k\u00f6nnen Ihre Einwilligung jederzeit f\u00fcr die Zukunft per E\u2011Mail an widerruf@pma-it-security.de widerrufen. Werde Teil des Teams PMA als Arbeitgeber Du liebst Herausforderungen und m\u00f6chtest eigenst\u00e4ndig und selbstverantwortlich arbeiten? Du m\u00f6chtest in einer der derzeit zukunftstr\u00e4chtigsten Branchen agieren? Die PMA GmbH bietet Dir die Vorteile und Strukturen eines Start Ups \u2013 allerdings zu wesentlich besseren Konditionen. Jobs ansehen","og_url":"https:\/\/pma-it-security.de\/en\/kontakt\/","og_site_name":"PMA GmbH - IT Security","article_modified_time":"2026-01-06T09:34:48+00:00","twitter_card":"summary_large_image","twitter_misc":{"Est. reading time":"1 minute"},"schema":{"@context":"https:\/\/schema.org","@graph":[{"@type":"WebPage","@id":"https:\/\/pma-it-security.de\/kontakt\/","url":"https:\/\/pma-it-security.de\/kontakt\/","name":"Kontakt - PMA GmbH - IT Security","isPartOf":{"@id":"https:\/\/pma-it-security.de\/#website"},"datePublished":"2023-11-29T09:31:19+00:00","dateModified":"2026-01-06T09:34:48+00:00","breadcrumb":{"@id":"https:\/\/pma-it-security.de\/kontakt\/#breadcrumb"},"inLanguage":"en-US","potentialAction":[{"@type":"ReadAction","target":["https:\/\/pma-it-security.de\/kontakt\/"]}]},{"@type":"BreadcrumbList","@id":"https:\/\/pma-it-security.de\/kontakt\/#breadcrumb","itemListElement":[{"@type":"ListItem","position":1,"name":"Startseite","item":"https:\/\/pma-it-security.de\/"},{"@type":"ListItem","position":2,"name":"Kontakt"}]},{"@type":"WebSite","@id":"https:\/\/pma-it-security.de\/#website","url":"https:\/\/pma-it-security.de\/","name":"PMA GmbH - IT Security","description":"","publisher":{"@id":"https:\/\/pma-it-security.de\/#organization"},"potentialAction":[{"@type":"SearchAction","target":{"@type":"EntryPoint","urlTemplate":"https:\/\/pma-it-security.de\/?s={search_term_string}"},"query-input":{"@type":"PropertyValueSpecification","valueRequired":true,"valueName":"search_term_string"}}],"inLanguage":"en-US"},{"@type":"Organization","@id":"https:\/\/pma-it-security.de\/#organization","name":"PMA GmbH","url":"https:\/\/pma-it-security.de\/","logo":{"@type":"ImageObject","inLanguage":"en-US","@id":"https:\/\/pma-it-security.de\/#\/schema\/logo\/image\/","url":"https:\/\/pma-it-security.de\/wp-content\/uploads\/2023\/11\/PMA-800-x-800-px-7.png","contentUrl":"https:\/\/pma-it-security.de\/wp-content\/uploads\/2023\/11\/PMA-800-x-800-px-7.png","width":800,"height":800,"caption":"PMA GmbH"},"image":{"@id":"https:\/\/pma-it-security.de\/#\/schema\/logo\/image\/"}}]}},"_links":{"self":[{"href":"https:\/\/pma-it-security.de\/en\/wp-json\/wp\/v2\/pages\/576","targetHints":{"allow":["GET"]}}],"collection":[{"href":"https:\/\/pma-it-security.de\/en\/wp-json\/wp\/v2\/pages"}],"about":[{"href":"https:\/\/pma-it-security.de\/en\/wp-json\/wp\/v2\/types\/page"}],"author":[{"embeddable":true,"href":"https:\/\/pma-it-security.de\/en\/wp-json\/wp\/v2\/users\/1"}],"replies":[{"embeddable":true,"href":"https:\/\/pma-it-security.de\/en\/wp-json\/wp\/v2\/comments?post=576"}],"version-history":[{"count":86,"href":"https:\/\/pma-it-security.de\/en\/wp-json\/wp\/v2\/pages\/576\/revisions"}],"predecessor-version":[{"id":2388,"href":"https:\/\/pma-it-security.de\/en\/wp-json\/wp\/v2\/pages\/576\/revisions\/2388"}],"wp:attachment":[{"href":"https:\/\/pma-it-security.de\/en\/wp-json\/wp\/v2\/media?parent=576"}],"curies":[{"name":"wp","href":"https:\/\/api.w.org\/{rel}","templated":true}]}}