{"id":958,"date":"2025-01-26T10:58:56","date_gmt":"2025-01-26T09:58:56","guid":{"rendered":"https:\/\/pma-it-security.de\/?page_id=958"},"modified":"2025-05-08T22:46:16","modified_gmt":"2025-05-08T20:46:16","slug":"impressum","status":"publish","type":"page","link":"https:\/\/pma-it-security.de\/en\/impressum\/","title":{"rendered":"Imprint"},"content":{"rendered":"<div data-elementor-type=\"wp-page\" data-elementor-id=\"958\" class=\"elementor elementor-958\" data-elementor-post-type=\"page\">\n\t\t\t\t<div class=\"elementor-element elementor-element-f0d7da6 e-flex e-con-boxed wpr-particle-no wpr-jarallax-no wpr-parallax-no wpr-sticky-section-no e-con e-parent\" data-id=\"f0d7da6\" data-element_type=\"container\" data-settings=\"{&quot;background_background&quot;:&quot;slideshow&quot;,&quot;background_slideshow_gallery&quot;:[{&quot;id&quot;:2028,&quot;url&quot;:&quot;https:\\\/\\\/pma-it-security.de\\\/wp-content\\\/uploads\\\/2025\\\/05\\\/Kein-Titel-1900-x-900-px-16.png&quot;}],&quot;background_slideshow_ken_burns&quot;:&quot;yes&quot;,&quot;background_slideshow_loop&quot;:&quot;yes&quot;,&quot;background_slideshow_slide_duration&quot;:5000,&quot;background_slideshow_slide_transition&quot;:&quot;fade&quot;,&quot;background_slideshow_transition_duration&quot;:500,&quot;background_slideshow_ken_burns_zoom_direction&quot;:&quot;in&quot;}\">\n\t\t\t\t\t<div class=\"e-con-inner\">\n\t\t\t\t<div class=\"elementor-element elementor-element-d0fe9cd elementor-widget elementor-widget-heading\" data-id=\"d0fe9cd\" data-element_type=\"widget\" data-widget_type=\"heading.default\">\n\t\t\t\t<div class=\"elementor-widget-container\">\n\t\t\t\t\t<h2 class=\"elementor-heading-title elementor-size-default\">IMPRESSUM<\/h2>\t\t\t\t<\/div>\n\t\t\t\t<\/div>\n\t\t\t\t\t<\/div>\n\t\t\t\t<\/div>\n\t\t<div class=\"elementor-element elementor-element-f4cfd82 e-flex e-con-boxed wpr-particle-no wpr-jarallax-no wpr-parallax-no wpr-sticky-section-no e-con e-parent\" data-id=\"f4cfd82\" data-element_type=\"container\" data-settings=\"{&quot;background_background&quot;:&quot;classic&quot;}\">\n\t\t\t\t\t<div class=\"e-con-inner\">\n\t\t\t\t<div class=\"elementor-element elementor-element-8b7ffc6 elementor-widget elementor-widget-heading\" data-id=\"8b7ffc6\" data-element_type=\"widget\" data-widget_type=\"heading.default\">\n\t\t\t\t<div class=\"elementor-widget-container\">\n\t\t\t\t\t<h2 class=\"elementor-heading-title elementor-size-default\">Imprint<\/h2>\t\t\t\t<\/div>\n\t\t\t\t<\/div>\n\t\t\t\t<div class=\"elementor-element elementor-element-716d16b elementor-widget elementor-widget-text-editor\" data-id=\"716d16b\" data-element_type=\"widget\" data-widget_type=\"text-editor.default\">\n\t\t\t\t<div class=\"elementor-widget-container\">\n\t\t\t\t\t\t\t\t\t<p>PMA GmbH<br \/>Albert-Einstein-Str. 1<br \/>49076 Osnabr\u00fcck<\/p><p><strong>Vertreten durch:<\/strong><br \/>Wolfgang Meyer zu Bergsten<\/p><p><strong>Contact<\/strong><br \/>Telefon:\u00a0<br \/>E-Mail: info@pma-it-security.de<\/p><p>USt-IdNr.: DE322848780<\/p><p>HRB 213446 Amtsgericht Osnabr\u00fcck<\/p><p><strong>Verbraucherstreitbeilegung\/Universalschlichtungsstelle<\/strong><br \/>Wir sind nicht verpflichtet, an Streitbeilegungsverfahren vor einer Verbraucherschlichtungsstelle teilzunehmen.<\/p>\t\t\t\t\t\t\t\t<\/div>\n\t\t\t\t<\/div>\n\t\t\t\t\t<\/div>\n\t\t\t\t<\/div>\n\t\t<div class=\"elementor-element elementor-element-3efe0c2 e-flex e-con-boxed wpr-particle-no wpr-jarallax-no wpr-parallax-no wpr-sticky-section-no e-con e-parent\" data-id=\"3efe0c2\" data-element_type=\"container\" data-settings=\"{&quot;background_background&quot;:&quot;slideshow&quot;,&quot;background_slideshow_gallery&quot;:[{&quot;id&quot;:1753,&quot;url&quot;:&quot;https:\\\/\\\/pma-it-security.de\\\/wp-content\\\/uploads\\\/2025\\\/04\\\/Kein-Titel-1900-x-900-px-15.png&quot;}],&quot;background_slideshow_loop&quot;:&quot;yes&quot;,&quot;background_slideshow_slide_duration&quot;:5000,&quot;background_slideshow_slide_transition&quot;:&quot;fade&quot;,&quot;background_slideshow_transition_duration&quot;:500}\">\n\t\t\t\t\t<div class=\"e-con-inner\">\n\t\t\t\t<div class=\"elementor-element elementor-element-1467869 elementor-widget elementor-widget-heading\" data-id=\"1467869\" data-element_type=\"widget\" data-widget_type=\"heading.default\">\n\t\t\t\t<div class=\"elementor-widget-container\">\n\t\t\t\t\t<h2 class=\"elementor-heading-title elementor-size-default\">Contact form<\/h2>\t\t\t\t<\/div>\n\t\t\t\t<\/div>\n\t\t\t\t<div class=\"elementor-element elementor-element-8b31975 elementor-button-align-stretch elementor-widget elementor-widget-form\" data-id=\"8b31975\" data-element_type=\"widget\" data-settings=\"{&quot;step_next_label&quot;:&quot;N\\u00e4chster&quot;,&quot;step_previous_label&quot;:&quot;Voriger&quot;,&quot;button_width&quot;:&quot;100&quot;,&quot;step_type&quot;:&quot;number_text&quot;,&quot;step_icon_shape&quot;:&quot;circle&quot;}\" data-widget_type=\"form.default\">\n\t\t\t\t<div class=\"elementor-widget-container\">\n\t\t\t\t\t\t\t<form class=\"elementor-form\" method=\"post\" name=\"Neues Formular\" action=\"\">\n\t\t\t<input type=\"hidden\" name=\"post_id\" value=\"958\"\/>\n\t\t\t<input type=\"hidden\" name=\"form_id\" value=\"8b31975\"\/>\n\t\t\t<input type=\"hidden\" name=\"referer_title\" value=\"PMA GmbH &#8211; IT Security\" \/>\n\n\t\t\t\n\t\t\t<div class=\"elementor-form-fields-wrapper elementor-labels-above\">\n\t\t\t\t\t\t\t\t<div class=\"elementor-field-type-text elementor-field-group elementor-column elementor-field-group-name elementor-col-100\">\n\t\t\t\t\t\t\t\t\t\t\t\t<label for=\"form-field-name\" class=\"elementor-field-label\">\n\t\t\t\t\t\t\t\tName\t\t\t\t\t\t\t<\/label>\n\t\t\t\t\t\t\t\t\t\t\t\t\t\t<input size=\"1\" type=\"text\" name=\"form_fields[name]\" id=\"form-field-name\" class=\"elementor-field elementor-size-sm  elementor-field-textual\" placeholder=\"Name\">\n\t\t\t\t\t\t\t\t\t\t\t<\/div>\n\t\t\t\t\t\t\t\t<div class=\"elementor-field-type-email elementor-field-group elementor-column elementor-field-group-email elementor-col-100 elementor-field-required\">\n\t\t\t\t\t\t\t\t\t\t\t\t<label for=\"form-field-email\" class=\"elementor-field-label\">\n\t\t\t\t\t\t\t\tE-Mail\t\t\t\t\t\t\t<\/label>\n\t\t\t\t\t\t\t\t\t\t\t\t\t\t<input size=\"1\" type=\"email\" name=\"form_fields[email]\" id=\"form-field-email\" class=\"elementor-field elementor-size-sm  elementor-field-textual\" placeholder=\"E-Mail\" required=\"required\">\n\t\t\t\t\t\t\t\t\t\t\t<\/div>\n\t\t\t\t\t\t\t\t<div class=\"elementor-field-type-textarea elementor-field-group elementor-column elementor-field-group-message elementor-col-100\">\n\t\t\t\t\t\t\t\t\t\t\t\t<label for=\"form-field-message\" class=\"elementor-field-label\">\n\t\t\t\t\t\t\t\tMessage\t\t\t\t\t\t\t<\/label>\n\t\t\t\t\t\t<textarea class=\"elementor-field-textual elementor-field  elementor-size-sm\" name=\"form_fields[message]\" id=\"form-field-message\" rows=\"4\" placeholder=\"Message\"><\/textarea>\t\t\t\t<\/div>\n\t\t\t\t\t\t\t\t<div class=\"elementor-field-group elementor-column elementor-field-type-submit elementor-col-100 e-form__buttons\">\n\t\t\t\t\t<button class=\"elementor-button elementor-size-sm elementor-animation-grow\" type=\"submit\">\n\t\t\t\t\t\t<span class=\"elementor-button-content-wrapper\">\n\t\t\t\t\t\t\t\t\t\t\t\t\t\t\t\t\t\t\t\t\t\t<span class=\"elementor-button-text\">Send<\/span>\n\t\t\t\t\t\t\t\t\t\t\t\t\t<\/span>\n\t\t\t\t\t<\/button>\n\t\t\t\t<\/div>\n\t\t\t<\/div>\n\t\t<input type=\"hidden\" name=\"trp-form-language\" value=\"en\"\/><\/form>\n\t\t\t\t\t\t<\/div>\n\t\t\t\t<\/div>\n\t\t\t\t<div class=\"elementor-element elementor-element-4bc0610 elementor-widget elementor-widget-text-editor\" data-id=\"4bc0610\" data-element_type=\"widget\" data-widget_type=\"text-editor.default\">\n\t\t\t\t<div class=\"elementor-widget-container\">\n\t\t\t\t\t\t\t\t\t<p>By submitting this request, I agree that my details and data will be collected electronically to process my request and stored for a maximum of 12 months. Note: You can revoke your consent at any time for the future by sending an e-mail to widerruf@pma-gmbh.de.<\/p>\t\t\t\t\t\t\t\t<\/div>\n\t\t\t\t<\/div>\n\t\t\t\t\t<\/div>\n\t\t\t\t<\/div>\n\t\t<div class=\"elementor-element elementor-element-6e88aead e-flex e-con-boxed wpr-particle-no wpr-jarallax-no wpr-parallax-no wpr-sticky-section-no e-con e-parent\" data-id=\"6e88aead\" data-element_type=\"container\" data-settings=\"{&quot;background_background&quot;:&quot;classic&quot;}\">\n\t\t\t\t\t<div class=\"e-con-inner\">\n\t\t<div class=\"elementor-element elementor-element-35391f65 e-con-full e-flex wpr-particle-no wpr-jarallax-no wpr-parallax-no wpr-sticky-section-no e-con e-child\" data-id=\"35391f65\" data-element_type=\"container\">\n\t\t\t\t<div class=\"elementor-element elementor-element-17d69911 animated-slow elementor-invisible elementor-widget elementor-widget-heading\" data-id=\"17d69911\" data-element_type=\"widget\" data-settings=\"{&quot;_animation&quot;:&quot;zoomIn&quot;,&quot;_animation_delay&quot;:100}\" data-widget_type=\"heading.default\">\n\t\t\t\t<div class=\"elementor-widget-container\">\n\t\t\t\t\t<h2 class=\"elementor-heading-title elementor-size-default\">Become a part of our team<\/h2>\t\t\t\t<\/div>\n\t\t\t\t<\/div>\n\t\t\t\t<div class=\"elementor-element elementor-element-e5c61a animated-slow elementor-invisible elementor-widget elementor-widget-heading\" data-id=\"e5c61a\" data-element_type=\"widget\" data-settings=\"{&quot;_animation&quot;:&quot;fadeInLeft&quot;,&quot;_animation_delay&quot;:100}\" data-widget_type=\"heading.default\">\n\t\t\t\t<div class=\"elementor-widget-container\">\n\t\t\t\t\t<h2 class=\"elementor-heading-title elementor-size-default\">PMA as an employer<\/h2>\t\t\t\t<\/div>\n\t\t\t\t<\/div>\n\t\t\t\t<\/div>\n\t\t<div class=\"elementor-element elementor-element-35c126b6 e-con-full e-flex wpr-particle-no wpr-jarallax-no wpr-parallax-no wpr-sticky-section-no e-con e-child\" data-id=\"35c126b6\" data-element_type=\"container\">\n\t\t\t\t<div class=\"elementor-element elementor-element-196e7eaf elementor-widget elementor-widget-text-editor\" data-id=\"196e7eaf\" data-element_type=\"widget\" data-widget_type=\"text-editor.default\">\n\t\t\t\t<div class=\"elementor-widget-container\">\n\t\t\t\t\t\t\t\t\t<p>Do you love challenges and want to work independently and on your own responsibility? Do you want to operate in one the <strong>most promising sectors<\/strong> ?<\/p><p>PMA GmbH offers you the <strong>advantages and structures of a start-up<\/strong> but with significantly <strong>better conditions<\/strong>.\u00a0<\/p>\t\t\t\t\t\t\t\t<\/div>\n\t\t\t\t<\/div>\n\t\t\t\t<div class=\"elementor-element elementor-element-401a2f22 elementor-widget__width-auto elementor-mobile-align-center elementor-widget elementor-widget-button\" data-id=\"401a2f22\" data-element_type=\"widget\" data-widget_type=\"button.default\">\n\t\t\t\t<div class=\"elementor-widget-container\">\n\t\t\t\t\t\t\t\t\t<div class=\"elementor-button-wrapper\">\n\t\t\t\t\t<a class=\"elementor-button elementor-button-link elementor-size-sm elementor-animation-grow\" href=\"\/en\/jobs\/\">\n\t\t\t\t\t\t<span class=\"elementor-button-content-wrapper\">\n\t\t\t\t\t\t\t\t\t<span class=\"elementor-button-text\">Our vacancies<\/span>\n\t\t\t\t\t<\/span>\n\t\t\t\t\t<\/a>\n\t\t\t\t<\/div>\n\t\t\t\t\t\t\t\t<\/div>\n\t\t\t\t<\/div>\n\t\t\t\t<\/div>\n\t\t\t\t\t<\/div>\n\t\t\t\t<\/div>\n\t\t\t\t<\/div>","protected":false},"excerpt":{"rendered":"<p>IMPRESSUM Impressum PMA GmbHAlbert-Einstein-Str. 149076 Osnabr\u00fcck Vertreten durch:Wolfgang Meyer zu Bergsten KontaktTelefon:\u00a0E-Mail: info@pma-it-security.de USt-IdNr.: DE322848780 HRB 213446 Amtsgericht Osnabr\u00fcck Verbraucherstreitbeilegung\/UniversalschlichtungsstelleWir sind nicht verpflichtet, an Streitbeilegungsverfahren vor einer Verbraucherschlichtungsstelle teilzunehmen. Kontaktformular Mit Absenden der Anfrage, erkl\u00e4re ich mich einverstanden, dass meine Angaben und Daten zur Bearbeitung meiner Anfrage elektronisch erhoben und f\u00fcr max. 12 Monate gespeichert werden. Hinweis: Sie k\u00f6nnen Ihre Einwilligung jederzeit f\u00fcr die Zukunft per E\u2011Mail an widerruf@pma-gmbh.de widerrufen. Werde Teil des Teams PMA als Arbeitgeber Du liebst Herausforderungen und m\u00f6chtest eigenst\u00e4ndig und selbstverantwortlich arbeiten? Du m\u00f6chtest in einer der derzeit zukunftstr\u00e4chtigsten Branchen agieren? Die PMA GmbH bietet Dir die Vorteile und Strukturen eines Start Ups \u2013 allerdings zu wesentlich besseren Konditionen.\u00a0 Jobs ansehen<\/p>","protected":false},"author":1,"featured_media":0,"parent":0,"menu_order":0,"comment_status":"closed","ping_status":"closed","template":"elementor_header_footer","meta":{"footnotes":""},"class_list":["post-958","page","type-page","status-publish","hentry"],"yoast_head":"<!-- This site is optimized with the Yoast SEO plugin v24.4 - https:\/\/yoast.com\/wordpress\/plugins\/seo\/ -->\n<title>Impressum - PMA GmbH - IT Security<\/title>\n<meta name=\"robots\" content=\"index, follow, max-snippet:-1, max-image-preview:large, max-video-preview:-1\" \/>\n<link rel=\"canonical\" href=\"https:\/\/pma-it-security.de\/en\/impressum\/\" \/>\n<meta property=\"og:locale\" content=\"en_US\" \/>\n<meta property=\"og:type\" content=\"article\" \/>\n<meta property=\"og:title\" content=\"Impressum - PMA GmbH - IT Security\" \/>\n<meta property=\"og:description\" content=\"IMPRESSUM Impressum PMA GmbHAlbert-Einstein-Str. 149076 Osnabr\u00fcck Vertreten durch:Wolfgang Meyer zu Bergsten KontaktTelefon:\u00a0E-Mail: info@pma-it-security.de USt-IdNr.: DE322848780 HRB 213446 Amtsgericht Osnabr\u00fcck Verbraucherstreitbeilegung\/UniversalschlichtungsstelleWir sind nicht verpflichtet, an Streitbeilegungsverfahren vor einer Verbraucherschlichtungsstelle teilzunehmen. Kontaktformular Mit Absenden der Anfrage, erkl\u00e4re ich mich einverstanden, dass meine Angaben und Daten zur Bearbeitung meiner Anfrage elektronisch erhoben und f\u00fcr max. 12 Monate gespeichert werden. Hinweis: Sie k\u00f6nnen Ihre Einwilligung jederzeit f\u00fcr die Zukunft per E\u2011Mail an widerruf@pma-gmbh.de widerrufen. Werde Teil des Teams PMA als Arbeitgeber Du liebst Herausforderungen und m\u00f6chtest eigenst\u00e4ndig und selbstverantwortlich arbeiten? Du m\u00f6chtest in einer der derzeit zukunftstr\u00e4chtigsten Branchen agieren? Die PMA GmbH bietet Dir die Vorteile und Strukturen eines Start Ups \u2013 allerdings zu wesentlich besseren Konditionen.\u00a0 Jobs ansehen\" \/>\n<meta property=\"og:url\" content=\"https:\/\/pma-it-security.de\/en\/impressum\/\" \/>\n<meta property=\"og:site_name\" content=\"PMA GmbH - IT Security\" \/>\n<meta property=\"article:modified_time\" content=\"2025-05-08T20:46:16+00:00\" \/>\n<meta name=\"twitter:card\" content=\"summary_large_image\" \/>\n<meta name=\"twitter:label1\" content=\"Est. reading time\" \/>\n\t<meta name=\"twitter:data1\" content=\"1 minute\" \/>\n<script type=\"application\/ld+json\" class=\"yoast-schema-graph\">{\"@context\":\"https:\/\/schema.org\",\"@graph\":[{\"@type\":\"WebPage\",\"@id\":\"https:\/\/pma-it-security.de\/impressum\/\",\"url\":\"https:\/\/pma-it-security.de\/impressum\/\",\"name\":\"Impressum - PMA GmbH - IT Security\",\"isPartOf\":{\"@id\":\"https:\/\/pma-it-security.de\/#website\"},\"datePublished\":\"2025-01-26T09:58:56+00:00\",\"dateModified\":\"2025-05-08T20:46:16+00:00\",\"breadcrumb\":{\"@id\":\"https:\/\/pma-it-security.de\/impressum\/#breadcrumb\"},\"inLanguage\":\"en-US\",\"potentialAction\":[{\"@type\":\"ReadAction\",\"target\":[\"https:\/\/pma-it-security.de\/impressum\/\"]}]},{\"@type\":\"BreadcrumbList\",\"@id\":\"https:\/\/pma-it-security.de\/impressum\/#breadcrumb\",\"itemListElement\":[{\"@type\":\"ListItem\",\"position\":1,\"name\":\"Startseite\",\"item\":\"https:\/\/pma-it-security.de\/\"},{\"@type\":\"ListItem\",\"position\":2,\"name\":\"Impressum\"}]},{\"@type\":\"WebSite\",\"@id\":\"https:\/\/pma-it-security.de\/#website\",\"url\":\"https:\/\/pma-it-security.de\/\",\"name\":\"PMA GmbH - IT Security\",\"description\":\"\",\"publisher\":{\"@id\":\"https:\/\/pma-it-security.de\/#organization\"},\"potentialAction\":[{\"@type\":\"SearchAction\",\"target\":{\"@type\":\"EntryPoint\",\"urlTemplate\":\"https:\/\/pma-it-security.de\/?s={search_term_string}\"},\"query-input\":{\"@type\":\"PropertyValueSpecification\",\"valueRequired\":true,\"valueName\":\"search_term_string\"}}],\"inLanguage\":\"en-US\"},{\"@type\":\"Organization\",\"@id\":\"https:\/\/pma-it-security.de\/#organization\",\"name\":\"PMA GmbH\",\"url\":\"https:\/\/pma-it-security.de\/\",\"logo\":{\"@type\":\"ImageObject\",\"inLanguage\":\"en-US\",\"@id\":\"https:\/\/pma-it-security.de\/#\/schema\/logo\/image\/\",\"url\":\"https:\/\/pma-it-security.de\/wp-content\/uploads\/2023\/11\/PMA-800-x-800-px-7.png\",\"contentUrl\":\"https:\/\/pma-it-security.de\/wp-content\/uploads\/2023\/11\/PMA-800-x-800-px-7.png\",\"width\":800,\"height\":800,\"caption\":\"PMA GmbH\"},\"image\":{\"@id\":\"https:\/\/pma-it-security.de\/#\/schema\/logo\/image\/\"}}]}<\/script>\n<!-- \/ Yoast SEO plugin. -->","yoast_head_json":{"title":"Impressum - PMA GmbH - IT Security","robots":{"index":"index","follow":"follow","max-snippet":"max-snippet:-1","max-image-preview":"max-image-preview:large","max-video-preview":"max-video-preview:-1"},"canonical":"https:\/\/pma-it-security.de\/en\/impressum\/","og_locale":"en_US","og_type":"article","og_title":"Impressum - PMA GmbH - IT Security","og_description":"IMPRESSUM Impressum PMA GmbHAlbert-Einstein-Str. 149076 Osnabr\u00fcck Vertreten durch:Wolfgang Meyer zu Bergsten KontaktTelefon:\u00a0E-Mail: info@pma-it-security.de USt-IdNr.: DE322848780 HRB 213446 Amtsgericht Osnabr\u00fcck Verbraucherstreitbeilegung\/UniversalschlichtungsstelleWir sind nicht verpflichtet, an Streitbeilegungsverfahren vor einer Verbraucherschlichtungsstelle teilzunehmen. Kontaktformular Mit Absenden der Anfrage, erkl\u00e4re ich mich einverstanden, dass meine Angaben und Daten zur Bearbeitung meiner Anfrage elektronisch erhoben und f\u00fcr max. 12 Monate gespeichert werden. Hinweis: Sie k\u00f6nnen Ihre Einwilligung jederzeit f\u00fcr die Zukunft per E\u2011Mail an widerruf@pma-gmbh.de widerrufen. Werde Teil des Teams PMA als Arbeitgeber Du liebst Herausforderungen und m\u00f6chtest eigenst\u00e4ndig und selbstverantwortlich arbeiten? Du m\u00f6chtest in einer der derzeit zukunftstr\u00e4chtigsten Branchen agieren? Die PMA GmbH bietet Dir die Vorteile und Strukturen eines Start Ups \u2013 allerdings zu wesentlich besseren Konditionen.\u00a0 Jobs ansehen","og_url":"https:\/\/pma-it-security.de\/en\/impressum\/","og_site_name":"PMA GmbH - IT Security","article_modified_time":"2025-05-08T20:46:16+00:00","twitter_card":"summary_large_image","twitter_misc":{"Est. reading time":"1 minute"},"schema":{"@context":"https:\/\/schema.org","@graph":[{"@type":"WebPage","@id":"https:\/\/pma-it-security.de\/impressum\/","url":"https:\/\/pma-it-security.de\/impressum\/","name":"Impressum - PMA GmbH - IT Security","isPartOf":{"@id":"https:\/\/pma-it-security.de\/#website"},"datePublished":"2025-01-26T09:58:56+00:00","dateModified":"2025-05-08T20:46:16+00:00","breadcrumb":{"@id":"https:\/\/pma-it-security.de\/impressum\/#breadcrumb"},"inLanguage":"en-US","potentialAction":[{"@type":"ReadAction","target":["https:\/\/pma-it-security.de\/impressum\/"]}]},{"@type":"BreadcrumbList","@id":"https:\/\/pma-it-security.de\/impressum\/#breadcrumb","itemListElement":[{"@type":"ListItem","position":1,"name":"Startseite","item":"https:\/\/pma-it-security.de\/"},{"@type":"ListItem","position":2,"name":"Impressum"}]},{"@type":"WebSite","@id":"https:\/\/pma-it-security.de\/#website","url":"https:\/\/pma-it-security.de\/","name":"PMA GmbH - IT Security","description":"","publisher":{"@id":"https:\/\/pma-it-security.de\/#organization"},"potentialAction":[{"@type":"SearchAction","target":{"@type":"EntryPoint","urlTemplate":"https:\/\/pma-it-security.de\/?s={search_term_string}"},"query-input":{"@type":"PropertyValueSpecification","valueRequired":true,"valueName":"search_term_string"}}],"inLanguage":"en-US"},{"@type":"Organization","@id":"https:\/\/pma-it-security.de\/#organization","name":"PMA GmbH","url":"https:\/\/pma-it-security.de\/","logo":{"@type":"ImageObject","inLanguage":"en-US","@id":"https:\/\/pma-it-security.de\/#\/schema\/logo\/image\/","url":"https:\/\/pma-it-security.de\/wp-content\/uploads\/2023\/11\/PMA-800-x-800-px-7.png","contentUrl":"https:\/\/pma-it-security.de\/wp-content\/uploads\/2023\/11\/PMA-800-x-800-px-7.png","width":800,"height":800,"caption":"PMA GmbH"},"image":{"@id":"https:\/\/pma-it-security.de\/#\/schema\/logo\/image\/"}}]}},"_links":{"self":[{"href":"https:\/\/pma-it-security.de\/en\/wp-json\/wp\/v2\/pages\/958","targetHints":{"allow":["GET"]}}],"collection":[{"href":"https:\/\/pma-it-security.de\/en\/wp-json\/wp\/v2\/pages"}],"about":[{"href":"https:\/\/pma-it-security.de\/en\/wp-json\/wp\/v2\/types\/page"}],"author":[{"embeddable":true,"href":"https:\/\/pma-it-security.de\/en\/wp-json\/wp\/v2\/users\/1"}],"replies":[{"embeddable":true,"href":"https:\/\/pma-it-security.de\/en\/wp-json\/wp\/v2\/comments?post=958"}],"version-history":[{"count":19,"href":"https:\/\/pma-it-security.de\/en\/wp-json\/wp\/v2\/pages\/958\/revisions"}],"predecessor-version":[{"id":2053,"href":"https:\/\/pma-it-security.de\/en\/wp-json\/wp\/v2\/pages\/958\/revisions\/2053"}],"wp:attachment":[{"href":"https:\/\/pma-it-security.de\/en\/wp-json\/wp\/v2\/media?parent=958"}],"curies":[{"name":"wp","href":"https:\/\/api.w.org\/{rel}","templated":true}]}}